{"id":152,"date":"2020-03-29T16:16:02","date_gmt":"2020-03-29T16:16:02","guid":{"rendered":"http:\/\/wordpress.architektur-risthaus.de\/?page_id=152"},"modified":"2020-05-06T18:42:26","modified_gmt":"2020-05-06T18:42:26","slug":"impreesum","status":"publish","type":"page","link":"https:\/\/architektur-risthaus.de\/?page_id=152","title":{"rendered":"IMPRESSUM"},"content":{"rendered":"\t\t<div data-elementor-type=\"wp-page\" data-elementor-id=\"152\" class=\"elementor elementor-152\" data-elementor-settings=\"[]\">\n\t\t\t\t\t\t<div class=\"elementor-inner\">\n\t\t\t\t\t\t\t<div class=\"elementor-section-wrap\">\n\t\t\t\t\t\t\t<section class=\"elementor-section elementor-top-section elementor-element elementor-element-49687586 elementor-section-full_width elementor-section-height-default elementor-section-height-default\" data-id=\"49687586\" data-element_type=\"section\">\n\t\t\t\t\t\t<div class=\"elementor-container elementor-column-gap-default\">\n\t\t\t\t\t\t\t<div class=\"elementor-row\">\n\t\t\t\t\t<div class=\"elementor-column elementor-col-100 elementor-top-column elementor-element elementor-element-7bab9366\" data-id=\"7bab9366\" data-element_type=\"column\">\n\t\t\t<div class=\"elementor-column-wrap elementor-element-populated\">\n\t\t\t\t\t\t\t<div class=\"elementor-widget-wrap\">\n\t\t\t\t\t\t<div class=\"elementor-element elementor-element-6ad8a70e elementor-widget elementor-widget-text-editor\" data-id=\"6ad8a70e\" data-element_type=\"widget\" data-widget_type=\"text-editor.default\">\n\t\t\t\t<div class=\"elementor-widget-container\">\n\t\t\t\t\t\t\t\t<div class=\"elementor-text-editor elementor-clearfix\">\n\t\t\t\t<h3>IMPRESSUM<\/h3>\t\t\t\t\t<\/div>\n\t\t\t\t\t\t<\/div>\n\t\t\t\t<\/div>\n\t\t\t\t<section class=\"elementor-section elementor-inner-section elementor-element elementor-element-7f08628 elementor-section-full_width elementor-section-height-default elementor-section-height-default\" data-id=\"7f08628\" data-element_type=\"section\">\n\t\t\t\t\t\t<div class=\"elementor-container elementor-column-gap-default\">\n\t\t\t\t\t\t\t<div class=\"elementor-row\">\n\t\t\t\t\t<div class=\"elementor-column elementor-col-50 elementor-inner-column elementor-element elementor-element-b81355e\" data-id=\"b81355e\" data-element_type=\"column\">\n\t\t\t<div class=\"elementor-column-wrap elementor-element-populated\">\n\t\t\t\t\t\t\t<div class=\"elementor-widget-wrap\">\n\t\t\t\t\t\t<div class=\"elementor-element elementor-element-1f20b61 elementor-widget elementor-widget-text-editor\" data-id=\"1f20b61\" data-element_type=\"widget\" data-widget_type=\"text-editor.default\">\n\t\t\t\t<div class=\"elementor-widget-container\">\n\t\t\t\t\t\t\t\t<div class=\"elementor-text-editor elementor-clearfix\">\n\t\t\t\t<h5>Dipl. Ing. Stefan Risthaus<br \/>Architekt AKNW<br \/>Am Krusenhof 87<br \/>46286 Dorsten<\/h5>\t\t\t\t\t<\/div>\n\t\t\t\t\t\t<\/div>\n\t\t\t\t<\/div>\n\t\t\t\t\t\t<\/div>\n\t\t\t\t\t<\/div>\n\t\t<\/div>\n\t\t\t\t<div class=\"elementor-column elementor-col-50 elementor-inner-column elementor-element elementor-element-ac1d60d\" data-id=\"ac1d60d\" data-element_type=\"column\">\n\t\t\t<div class=\"elementor-column-wrap elementor-element-populated\">\n\t\t\t\t\t\t\t<div class=\"elementor-widget-wrap\">\n\t\t\t\t\t\t<div class=\"elementor-element elementor-element-fb0bccb elementor-widget elementor-widget-text-editor\" data-id=\"fb0bccb\" data-element_type=\"widget\" data-widget_type=\"text-editor.default\">\n\t\t\t\t<div class=\"elementor-widget-container\">\n\t\t\t\t\t\t\t\t<div class=\"elementor-text-editor elementor-clearfix\">\n\t\t\t\t<h5>Telefon 02369 \/ 7891<br \/>Telefax 02369 \/ 7820<br \/><span style=\"color: #0000ff;\"><a style=\"color: #0000ff;\" title=\"Email\" href=\"mailto:info@architektur-risthaus.de\">info@architektur-risthaus.de<\/a><\/span><br \/><span style=\"color: #0033cc;\"><a style=\"color: #0033cc;\" title=\"Architekturb\u00fcro Risthaus\" href=\"httpss:\/\/architektur-risthaus.de\/index.php\/easy-it.html\"><span style=\"color: #0000ff;\">www.architektur-risthaus.de<\/span><\/a><\/span><\/h5>\t\t\t\t\t<\/div>\n\t\t\t\t\t\t<\/div>\n\t\t\t\t<\/div>\n\t\t\t\t\t\t<\/div>\n\t\t\t\t\t<\/div>\n\t\t<\/div>\n\t\t\t\t\t\t\t\t<\/div>\n\t\t\t\t\t<\/div>\n\t\t<\/section>\n\t\t\t\t<div class=\"elementor-element elementor-element-1f217e31 elementor-widget elementor-widget-text-editor\" data-id=\"1f217e31\" data-element_type=\"widget\" data-widget_type=\"text-editor.default\">\n\t\t\t\t<div class=\"elementor-widget-container\">\n\t\t\t\t\t\t\t\t<div class=\"elementor-text-editor elementor-clearfix\">\n\t\t\t\t<h5><span style=\"line-height: 1.5;\"><span style=\"color: #0000ff;\">BERUFSBEZEICHNUNG: ARCHTITEKT<\/span><br \/><\/span><span style=\"line-height: 1.5;\">Eingetragen in die Mitgliederliste der Architektenkammer Nordrhein-Westfalen, <\/span><span style=\"line-height: 1.5; color: #0000ff;\">Mitgliedsnummer A28478<\/span><\/h5><h5><span style=\"color: #0000ff;\">BERUFSRECHTLICHE REGELUNGEN<\/span><strong><br \/><\/strong><span style=\"line-height: 1.5;\">(1) Baukammergesetz NRW<br \/><\/span><span style=\"line-height: 1.5;\">(2) Durchf\u00fchrungsverordnung zum Baukammergesetz (DVO BauKG NRW)<br \/><\/span><span style=\"line-height: 1.5;\">(3) Satzung der Architektenkammer NRW<br \/><\/span><span style=\"line-height: 1.5;\">Zug\u00e4nglich sind die genannten berufsrechtlichen Regelungen z.B. \u00fcber die Internetseite der <\/span>Architektenkammer NRW.<br \/><span style=\"color: #0033cc;\"><a style=\"color: #0033cc;\" href=\"httpss:\/\/www.aknw.de\/mitglieder\/recht-und-gesetze\/gesetze-und-verordnungen\/\"><span style=\"color: #0000ff;\">httpss:\/\/www.aknw.de\/mitglieder\/recht-und-gesetze\/gesetze-und-verordnungen\/<\/span><\/a><\/span><\/h5><h5><span style=\"color: #0000ff;\">AUFSICHTSBEH\u00d6RDE: ARCHITEKTENKAMMER NORDRHEIN-WESTFALEN<\/span><strong><br \/><\/strong><span style=\"line-height: 1.5;\">Architektenkammer Nordrhein-Westfalen, <\/span><span style=\"line-height: 1.5;\">Zollhof 1,\u00a0<\/span><span style=\"line-height: 1.5;\">40221 D\u00fcsseldorf, <span style=\"color: #0033cc;\"><a style=\"color: #0033cc;\" href=\"httpss:\/\/www.aknw.de\"><span style=\"color: #0000ff;\">www.aknw.de<\/span><\/a><\/span><\/span><\/h5><h5><span style=\"color: #0000ff;\">BERUFSHAFTPLICHTVERSICHERUNG<\/span><strong><br \/><\/strong><span style=\"line-height: 1.5;\">VHV Allgemeine Versicherung AG, <\/span><span style=\"line-height: 1.5;\">VHV-Platz 1, <\/span><span style=\"line-height: 1.5;\">30177 Hannover<\/span><\/h5>\t\t\t\t\t<\/div>\n\t\t\t\t\t\t<\/div>\n\t\t\t\t<\/div>\n\t\t\t\t\t\t<\/div>\n\t\t\t\t\t<\/div>\n\t\t<\/div>\n\t\t\t\t\t\t\t\t<\/div>\n\t\t\t\t\t<\/div>\n\t\t<\/section>\n\t\t\t\t\t\t<\/div>\n\t\t\t\t\t\t<\/div>\n\t\t\t\t\t<\/div>\n\t\t","protected":false},"excerpt":{"rendered":"<p>IMPRESSUM Dipl. Ing. Stefan RisthausArchitekt AKNWAm Krusenhof 8746286 Dorsten Telefon 02369 \/ 7891Telefax 02369 \/ 7820info@architektur-risthaus.dewww.architektur-risthaus.de BERUFSBEZEICHNUNG: ARCHTITEKTEingetragen in die Mitgliederliste der Architektenkammer Nordrhein-Westfalen, Mitgliedsnummer A28478 BERUFSRECHTLICHE REGELUNGEN(1) Baukammergesetz NRW(2) Durchf\u00fchrungsverordnung zum Baukammergesetz (DVO BauKG NRW)(3) Satzung der Architektenkammer NRWZug\u00e4nglich sind die genannten berufsrechtlichen Regelungen z.B. \u00fcber die Internetseite der Architektenkammer NRW.httpss:\/\/www.aknw.de\/mitglieder\/recht-und-gesetze\/gesetze-und-verordnungen\/ AUFSICHTSBEH\u00d6RDE: ARCHITEKTENKAMMER NORDRHEIN-WESTFALENArchitektenkammer &#8230; <\/p>\n<p class=\"read-more-container\"><a title=\"IMPRESSUM\" class=\"read-more button\" href=\"https:\/\/architektur-risthaus.de\/?page_id=152#more-152\" aria-label=\"Mehr zu IMPRESSUM\">Weiterlesen &#8230;<\/a><\/p>\n","protected":false},"author":1,"featured_media":0,"parent":0,"menu_order":0,"comment_status":"closed","ping_status":"closed","template":"","meta":[],"yoast_head":"<!-- This site is optimized with the Yoast SEO plugin v20.8 - https:\/\/yoast.com\/wordpress\/plugins\/seo\/ -->\n<title>IMPRESSUM - architektur-risthaus.de<\/title>\n<meta name=\"robots\" content=\"index, follow, max-snippet:-1, max-image-preview:large, max-video-preview:-1\" \/>\n<link rel=\"canonical\" href=\"https:\/\/architektur-risthaus.de\/?page_id=152\" \/>\n<meta property=\"og:locale\" content=\"de_DE\" \/>\n<meta property=\"og:type\" content=\"article\" \/>\n<meta property=\"og:title\" content=\"IMPRESSUM - architektur-risthaus.de\" \/>\n<meta property=\"og:description\" content=\"IMPRESSUM Dipl. Ing. Stefan RisthausArchitekt AKNWAm Krusenhof 8746286 Dorsten Telefon 02369 \/ 7891Telefax 02369 \/ 7820info@architektur-risthaus.dewww.architektur-risthaus.de BERUFSBEZEICHNUNG: ARCHTITEKTEingetragen in die Mitgliederliste der Architektenkammer Nordrhein-Westfalen, Mitgliedsnummer A28478 BERUFSRECHTLICHE REGELUNGEN(1) Baukammergesetz NRW(2) Durchf\u00fchrungsverordnung zum Baukammergesetz (DVO BauKG NRW)(3) Satzung der Architektenkammer NRWZug\u00e4nglich sind die genannten berufsrechtlichen Regelungen z.B. \u00fcber die Internetseite der Architektenkammer NRW.httpss:\/\/www.aknw.de\/mitglieder\/recht-und-gesetze\/gesetze-und-verordnungen\/ AUFSICHTSBEH\u00d6RDE: ARCHITEKTENKAMMER NORDRHEIN-WESTFALENArchitektenkammer ... Weiterlesen ...\" \/>\n<meta property=\"og:url\" content=\"https:\/\/architektur-risthaus.de\/?page_id=152\" \/>\n<meta property=\"og:site_name\" content=\"architektur-risthaus.de\" \/>\n<meta property=\"article:modified_time\" content=\"2020-05-06T18:42:26+00:00\" \/>\n<meta name=\"twitter:card\" content=\"summary_large_image\" \/>\n<script type=\"application\/ld+json\" class=\"yoast-schema-graph\">{\"@context\":\"https:\/\/schema.org\",\"@graph\":[{\"@type\":\"WebPage\",\"@id\":\"https:\/\/architektur-risthaus.de\/?page_id=152\",\"url\":\"https:\/\/architektur-risthaus.de\/?page_id=152\",\"name\":\"IMPRESSUM - architektur-risthaus.de\",\"isPartOf\":{\"@id\":\"https:\/\/architektur-risthaus.de\/#website\"},\"datePublished\":\"2020-03-29T16:16:02+00:00\",\"dateModified\":\"2020-05-06T18:42:26+00:00\",\"breadcrumb\":{\"@id\":\"https:\/\/architektur-risthaus.de\/?page_id=152#breadcrumb\"},\"inLanguage\":\"de\",\"potentialAction\":[{\"@type\":\"ReadAction\",\"target\":[\"https:\/\/architektur-risthaus.de\/?page_id=152\"]}]},{\"@type\":\"BreadcrumbList\",\"@id\":\"https:\/\/architektur-risthaus.de\/?page_id=152#breadcrumb\",\"itemListElement\":[{\"@type\":\"ListItem\",\"position\":1,\"name\":\"Startseite\",\"item\":\"https:\/\/architektur-risthaus.de\/\"},{\"@type\":\"ListItem\",\"position\":2,\"name\":\"IMPRESSUM\"}]},{\"@type\":\"WebSite\",\"@id\":\"https:\/\/architektur-risthaus.de\/#website\",\"url\":\"https:\/\/architektur-risthaus.de\/\",\"name\":\"architektur-risthaus.de\",\"description\":\"Architekturb\u00fcro Risthaus\",\"publisher\":{\"@id\":\"https:\/\/architektur-risthaus.de\/#organization\"},\"potentialAction\":[{\"@type\":\"SearchAction\",\"target\":{\"@type\":\"EntryPoint\",\"urlTemplate\":\"https:\/\/architektur-risthaus.de\/?s={search_term_string}\"},\"query-input\":\"required name=search_term_string\"}],\"inLanguage\":\"de\"},{\"@type\":\"Organization\",\"@id\":\"https:\/\/architektur-risthaus.de\/#organization\",\"name\":\"Architekturb\u00fcro Risthaus\",\"url\":\"https:\/\/architektur-risthaus.de\/\",\"logo\":{\"@type\":\"ImageObject\",\"inLanguage\":\"de\",\"@id\":\"https:\/\/architektur-risthaus.de\/#\/schema\/logo\/image\/\",\"url\":\"https:\/\/architektur-risthaus.de\/wp-content\/uploads\/2020\/04\/cropped-logoblau_unten_sr-2.png\",\"contentUrl\":\"https:\/\/architektur-risthaus.de\/wp-content\/uploads\/2020\/04\/cropped-logoblau_unten_sr-2.png\",\"width\":404,\"height\":58,\"caption\":\"Architekturb\u00fcro Risthaus\"},\"image\":{\"@id\":\"https:\/\/architektur-risthaus.de\/#\/schema\/logo\/image\/\"}}]}<\/script>\n<!-- \/ Yoast SEO plugin. -->","yoast_head_json":{"title":"IMPRESSUM - architektur-risthaus.de","robots":{"index":"index","follow":"follow","max-snippet":"max-snippet:-1","max-image-preview":"max-image-preview:large","max-video-preview":"max-video-preview:-1"},"canonical":"https:\/\/architektur-risthaus.de\/?page_id=152","og_locale":"de_DE","og_type":"article","og_title":"IMPRESSUM - architektur-risthaus.de","og_description":"IMPRESSUM Dipl. Ing. Stefan RisthausArchitekt AKNWAm Krusenhof 8746286 Dorsten Telefon 02369 \/ 7891Telefax 02369 \/ 7820info@architektur-risthaus.dewww.architektur-risthaus.de BERUFSBEZEICHNUNG: ARCHTITEKTEingetragen in die Mitgliederliste der Architektenkammer Nordrhein-Westfalen, Mitgliedsnummer A28478 BERUFSRECHTLICHE REGELUNGEN(1) Baukammergesetz NRW(2) Durchf\u00fchrungsverordnung zum Baukammergesetz (DVO BauKG NRW)(3) Satzung der Architektenkammer NRWZug\u00e4nglich sind die genannten berufsrechtlichen Regelungen z.B. \u00fcber die Internetseite der Architektenkammer NRW.httpss:\/\/www.aknw.de\/mitglieder\/recht-und-gesetze\/gesetze-und-verordnungen\/ AUFSICHTSBEH\u00d6RDE: ARCHITEKTENKAMMER NORDRHEIN-WESTFALENArchitektenkammer ... Weiterlesen ...","og_url":"https:\/\/architektur-risthaus.de\/?page_id=152","og_site_name":"architektur-risthaus.de","article_modified_time":"2020-05-06T18:42:26+00:00","twitter_card":"summary_large_image","schema":{"@context":"https:\/\/schema.org","@graph":[{"@type":"WebPage","@id":"https:\/\/architektur-risthaus.de\/?page_id=152","url":"https:\/\/architektur-risthaus.de\/?page_id=152","name":"IMPRESSUM - architektur-risthaus.de","isPartOf":{"@id":"https:\/\/architektur-risthaus.de\/#website"},"datePublished":"2020-03-29T16:16:02+00:00","dateModified":"2020-05-06T18:42:26+00:00","breadcrumb":{"@id":"https:\/\/architektur-risthaus.de\/?page_id=152#breadcrumb"},"inLanguage":"de","potentialAction":[{"@type":"ReadAction","target":["https:\/\/architektur-risthaus.de\/?page_id=152"]}]},{"@type":"BreadcrumbList","@id":"https:\/\/architektur-risthaus.de\/?page_id=152#breadcrumb","itemListElement":[{"@type":"ListItem","position":1,"name":"Startseite","item":"https:\/\/architektur-risthaus.de\/"},{"@type":"ListItem","position":2,"name":"IMPRESSUM"}]},{"@type":"WebSite","@id":"https:\/\/architektur-risthaus.de\/#website","url":"https:\/\/architektur-risthaus.de\/","name":"architektur-risthaus.de","description":"Architekturb\u00fcro Risthaus","publisher":{"@id":"https:\/\/architektur-risthaus.de\/#organization"},"potentialAction":[{"@type":"SearchAction","target":{"@type":"EntryPoint","urlTemplate":"https:\/\/architektur-risthaus.de\/?s={search_term_string}"},"query-input":"required name=search_term_string"}],"inLanguage":"de"},{"@type":"Organization","@id":"https:\/\/architektur-risthaus.de\/#organization","name":"Architekturb\u00fcro Risthaus","url":"https:\/\/architektur-risthaus.de\/","logo":{"@type":"ImageObject","inLanguage":"de","@id":"https:\/\/architektur-risthaus.de\/#\/schema\/logo\/image\/","url":"https:\/\/architektur-risthaus.de\/wp-content\/uploads\/2020\/04\/cropped-logoblau_unten_sr-2.png","contentUrl":"https:\/\/architektur-risthaus.de\/wp-content\/uploads\/2020\/04\/cropped-logoblau_unten_sr-2.png","width":404,"height":58,"caption":"Architekturb\u00fcro Risthaus"},"image":{"@id":"https:\/\/architektur-risthaus.de\/#\/schema\/logo\/image\/"}}]}},"_links":{"self":[{"href":"https:\/\/architektur-risthaus.de\/index.php?rest_route=\/wp\/v2\/pages\/152"}],"collection":[{"href":"https:\/\/architektur-risthaus.de\/index.php?rest_route=\/wp\/v2\/pages"}],"about":[{"href":"https:\/\/architektur-risthaus.de\/index.php?rest_route=\/wp\/v2\/types\/page"}],"author":[{"embeddable":true,"href":"https:\/\/architektur-risthaus.de\/index.php?rest_route=\/wp\/v2\/users\/1"}],"replies":[{"embeddable":true,"href":"https:\/\/architektur-risthaus.de\/index.php?rest_route=%2Fwp%2Fv2%2Fcomments&post=152"}],"version-history":[{"count":0,"href":"https:\/\/architektur-risthaus.de\/index.php?rest_route=\/wp\/v2\/pages\/152\/revisions"}],"wp:attachment":[{"href":"https:\/\/architektur-risthaus.de\/index.php?rest_route=%2Fwp%2Fv2%2Fmedia&parent=152"}],"curies":[{"name":"wp","href":"https:\/\/api.w.org\/{rel}","templated":true}]}}